{"id":3,"date":"2018-06-26T06:11:40","date_gmt":"2018-06-26T06:11:40","guid":{"rendered":"http:\/\/hrnmanagement.com\/?page_id=3"},"modified":"2020-11-23T03:34:41","modified_gmt":"2020-11-23T03:34:41","slug":"privacy-policy","status":"publish","type":"page","link":"https:\/\/hrnmanagement.com\/es\/privacy-policy","title":{"rendered":"Pol\u00edtica de Privacidad"},"content":{"rendered":"<p class=\"p1\"><b>POLITICA DE PRIVACIDAD Y PROTECCION DE DATOS<\/b><\/p>\n<p class=\"p3\">HRN Management garantiza la protecci\u00f3n y confidencialidad de los datos personales, de cualquier tipo que nos proporcionen nuestras empresas clientes de acuerdo con lo dispuesto en el Reglamento General de Protecci\u00f3n de Datos de Car\u00e1cter Personal.<\/p>\n<p class=\"p4\">Todos los datos facilitados por nuestras empresas clientes a HRN Management o a su personal, ser\u00e1n incluidos en un fichero automatizado de datos de car\u00e1cter personal creado y mantenido bajo la responsabilidad de HRN Management, imprescindibles para prestar los servicios solicitados por los usuarios.<\/p>\n<p class=\"p4\">Los datos facilitados ser\u00e1n tratados en los t\u00e9rminos establecidos en el Reglamento General de Protecci\u00f3n de Datos de Car\u00e1cter Personal, en este sentido HRN Management ha adoptado los niveles de protecci\u00f3n que legalmente se exigen, y ha instalado todas las medidas t\u00e9cnicas a su alcance para evitar la p\u00e9rdida, mal uso, alteraci\u00f3n, acceso no autorizado por terceros. No obstante, el usuario debe ser consciente de que las medidas de seguridad en Internet no son inexpugnables. En caso en que considere oportuno que se cedan sus datos de car\u00e1cter personal a otras entidades, el usuario ser\u00e1 informado de los datos cedidos, de la finalidad del fichero y del nombre y direcci\u00f3n del cesionario, para que de su consentimiento inequ\u00edvoco al respecto.<\/p>\n<p class=\"p4\">In compliance with the provisions of the RGPD, the user may exercise their rights of access, rectification, cancellation \/ removal, opposition, limitation or portability. In order to do this, you must contact us by email at info@hrnmanagement.com or by regular mail at\u00a0 13E 124th Street Suit C, New York, NY 10035<\/p>\n<p class=\"p4\">POL\u00cdTICA DE COOKIES<\/p>\n<p class=\"p4\">En\u00a0<a href=\"https:\/\/hrnmanagement.com\/es\/\"><span class=\"s1\">www.hrnmanagement.com<\/span><\/a>\u00a0utilizamos cookies para facilitar la relaci\u00f3n de los visitantes con nuestro contenido y para permitir elaborar estad\u00edsticas sobre las visitantes que recibimos.<\/p>\n<p class=\"p4\">En cumplimiento de la Directiva 2009\/136\/CE, desarrollada en nuestro ordenamiento por el apartado segundo del art\u00edculo 22 de la Ley de Servicios de Sociedad de la Informaci\u00f3n, siguiendo las directrices de la Agencia Espa\u00f1ola de Protecci\u00f3n de Datos, procedemos a informarle detalladamente del uso que se realiza en nuestra web.<\/p>\n<p class=\"p4\">Se denominan cookies a unos peque\u00f1os archivos que se graban en el navegador utilizado por cada visitante de nuestra web para que el servidor pueda recordar la visita de ese usuario con posterioridad cuando vuelva a acceder a nuestros contenidos. Esta informaci\u00f3n no revela su identidad, ni dato personal alguno, ni accede al contenido almacenado en su pc, pero s\u00ed que permite a nuestro sistema identificarle a usted como un usuario determinado que ya visit\u00f3 la web con anterioridad, visualiz\u00f3 determinadas p\u00e1ginas, etc. y adem\u00e1s permite guardar sus preferencias personales e informaci\u00f3n t\u00e9cnica como por ejemplo las visitas realizadas o p\u00e1ginas concretas que visite.<\/p>\n<p class=\"p4\">La finalidad de las cookies es la de facilitar al Usuario un acceso m\u00e1s r\u00e1pido a los Servicios seleccionados.<\/p>\n<p class=\"p4\">Si usted no desea que se guarden cookies en su navegador o prefiere recibir una informaci\u00f3n cada vez que una cookie solicite instalarse, puede configurar sus opciones de navegaci\u00f3n para que se haga de esa forma. La mayor parte de los navegadores permiten la gesti\u00f3n de las cookies de 3 formas diferentes:<\/p>\n<p class=\"p4\">- Las cookies son siempre rechazadas;<\/p>\n<p class=\"p4\">-\u00a0El navegador pregunta si el usuario desea instalar cada cookie;<\/p>\n<p class=\"p4\">- Las cookies son siempre aceptadas;<\/p>\n<p class=\"p4\">Su navegador tambi\u00e9n puede incluir la posibilidad de seleccionar con detalle las cookies que desea que se instalen en su ordenador. En concreto, el usuario puede normalmente aceptar alguna de las siguientes opciones:<\/p>\n<p class=\"p4\">- Rechazar las cookies de determinados dominios;<\/p>\n<p class=\"p4\">- Rechazar las cookies de terceros;<\/p>\n<p class=\"p4\">- Accept cookies as non-persistent (they are deleted when the browser closes);<\/p>\n<p class=\"p4\">- Permitir al servidor crear cookies para un dominio diferente.<\/p>\n<p class=\"p4\">Para permitir, conocer, bloquear o eliminar las cookies instaladas en su equipo puede hacerlo mediante la configuraci\u00f3n de las opciones del navegador instalado en su ordenador.<\/p>\n<p class=\"p4\">Puede encontrar informaci\u00f3n sobre c\u00f3mo configurar los navegadores m\u00e1s usados en las siguientes ubicaciones:<\/p>\n<p class=\"p4\">Internet Explorer: Herramientas -&gt; Opciones de Internet -&gt; Privacidad -&gt; Configuraci\u00f3n. Para m\u00e1s informaci\u00f3n, puede consultar el soporte de Microsoft o la Ayuda del navegador.<\/p>\n<p class=\"p4\">Firefox: Herramientas -&gt; Opciones -&gt; Privacidad -&gt; Historial -&gt; Configuraci\u00f3n Personalizada. Para m\u00e1s informaci\u00f3n, puede consultar el soporte de Mozilla o la Ayuda del navegador.<\/p>\n<p class=\"p4\">Chrome: Configuraci\u00f3n -&gt; Mostrar opciones avanzadas -&gt; Privacidad -&gt; Configuraci\u00f3n de contenido. Para m\u00e1s informaci\u00f3n, puede consultar el soporte de Google o la Ayuda del navegador.<\/p>\n<p class=\"p4\">Safari: Preferencias -&gt; Seguridad. Para m\u00e1s informaci\u00f3n, puede consultar el soporte de Apple o la Ayuda del navegador.<\/p>\n<p class=\"p4\">Respecto de las cookies de terceros, es decir aquellas que son ajenas a nuestro sitio web, no podemos hacernos responsables del contenido y veracidad de las pol\u00edticas de privacidad que ellos incluyen por lo que la informaci\u00f3n que le ofrecemos es siempre con referencia a la fuente.<\/p>\n<p class=\"p4\">Se puede modificar esta Pol\u00edtica de Cookies en funci\u00f3n de exigencias legislativas, reglamentarias, o con la finalidad de adaptar dicha pol\u00edtica a las instrucciones dictadas por la Agencia Espa\u00f1ola de Protecci\u00f3n de Datos, por ello se aconseja a los Usuarios que la visiten peri\u00f3dicamente.<\/p>\n<p class=\"p4\">Cuando se produzcan cambios significativos en esta Pol\u00edtica de Cookies, se comunicar\u00e1n a los Usuarios bien mediante la web o a trav\u00e9s de correo electr\u00f3nico a los Usuarios registrados.<\/p>","protected":false},"excerpt":{"rendered":"<p>Privacy and Data Protection Policy HRN Management\u00a0 guarantees the protection and confidentiality of personal data, of any kind provided by our client companies in accordance with the provisions of the General Regulation of Protection of Personal Data. All data provided by our client companies to HRN Management or its staff will be included in an &hellip; <\/p>\n<p class=\"link-more\"><a href=\"https:\/\/hrnmanagement.com\/es\/privacy-policy\" class=\"more-link\">Continuar leyendo<span class=\"screen-reader-text\"> &#8220;Privacy Policy&#8221;<\/span><\/a><\/p>","protected":false},"author":1,"featured_media":0,"parent":0,"menu_order":0,"comment_status":"closed","ping_status":"open","template":"","meta":{"_monsterinsights_skip_tracking":false,"_monsterinsights_sitenote_active":false,"_monsterinsights_sitenote_note":"","_monsterinsights_sitenote_category":0,"footnotes":""},"class_list":["post-3","page","type-page","status-publish","hentry"],"aioseo_notices":[],"_links":{"self":[{"href":"https:\/\/hrnmanagement.com\/es\/wp-json\/wp\/v2\/pages\/3"}],"collection":[{"href":"https:\/\/hrnmanagement.com\/es\/wp-json\/wp\/v2\/pages"}],"about":[{"href":"https:\/\/hrnmanagement.com\/es\/wp-json\/wp\/v2\/types\/page"}],"author":[{"embeddable":true,"href":"https:\/\/hrnmanagement.com\/es\/wp-json\/wp\/v2\/users\/1"}],"replies":[{"embeddable":true,"href":"https:\/\/hrnmanagement.com\/es\/wp-json\/wp\/v2\/comments?post=3"}],"version-history":[{"count":3,"href":"https:\/\/hrnmanagement.com\/es\/wp-json\/wp\/v2\/pages\/3\/revisions"}],"predecessor-version":[{"id":354,"href":"https:\/\/hrnmanagement.com\/es\/wp-json\/wp\/v2\/pages\/3\/revisions\/354"}],"wp:attachment":[{"href":"https:\/\/hrnmanagement.com\/es\/wp-json\/wp\/v2\/media?parent=3"}],"curies":[{"name":"wp","href":"https:\/\/api.w.org\/{rel}","templated":true}]}}