{"id":314,"date":"2020-11-22T19:21:55","date_gmt":"2020-11-22T19:21:55","guid":{"rendered":"http:\/\/hrnmanagement.com\/?page_id=314"},"modified":"2020-11-22T19:22:42","modified_gmt":"2020-11-22T19:22:42","slug":"intro","status":"publish","type":"page","link":"http:\/\/hrnmanagement.com\/es\/intro","title":{"rendered":"INTRO"},"content":{"rendered":"<h1 style=\"text-align: center;\">INTRODUCCI\u00d3N A HRN<\/h1>\n<hr \/>\n<p style=\"text-align: center;\">Somos una agencia madre centrada exclusivamente en internacionalizar nuestros modelos bajo nuestra supervisi\u00f3n y protecci\u00f3n.<\/p>\n<p style=\"text-align: center;\"><strong>Firmando talentos a escala global<\/strong><\/p>\n<p style=\"text-align: center;\">Proveemos una gesti\u00f3n cercana y transparente para aquellos que desean alcanzar los principales mercados y agencias del sector a trav\u00e9s de una red profesional s\u00f3lida y un apoyo constante.<\/p>","protected":false},"excerpt":{"rendered":"<p>INTRODUCING HRN HRN Management is a mother agency that internationalizes models under our leadership, protection and supervision. Placing talents worldwide Providing a very tailored and close management for those who want to reach out to the main markets and agencies throughout a solid interpersonal network and constant support.<\/p>","protected":false},"author":1,"featured_media":0,"parent":0,"menu_order":0,"comment_status":"closed","ping_status":"closed","template":"","meta":{"_monsterinsights_skip_tracking":false,"_monsterinsights_sitenote_active":false,"_monsterinsights_sitenote_note":"","_monsterinsights_sitenote_category":0,"footnotes":""},"class_list":["post-314","page","type-page","status-publish","hentry"],"aioseo_notices":[],"_links":{"self":[{"href":"http:\/\/hrnmanagement.com\/es\/wp-json\/wp\/v2\/pages\/314"}],"collection":[{"href":"http:\/\/hrnmanagement.com\/es\/wp-json\/wp\/v2\/pages"}],"about":[{"href":"http:\/\/hrnmanagement.com\/es\/wp-json\/wp\/v2\/types\/page"}],"author":[{"embeddable":true,"href":"http:\/\/hrnmanagement.com\/es\/wp-json\/wp\/v2\/users\/1"}],"replies":[{"embeddable":true,"href":"http:\/\/hrnmanagement.com\/es\/wp-json\/wp\/v2\/comments?post=314"}],"version-history":[{"count":1,"href":"http:\/\/hrnmanagement.com\/es\/wp-json\/wp\/v2\/pages\/314\/revisions"}],"predecessor-version":[{"id":315,"href":"http:\/\/hrnmanagement.com\/es\/wp-json\/wp\/v2\/pages\/314\/revisions\/315"}],"wp:attachment":[{"href":"http:\/\/hrnmanagement.com\/es\/wp-json\/wp\/v2\/media?parent=314"}],"curies":[{"name":"wp","href":"https:\/\/api.w.org\/{rel}","templated":true}]}}